{"id":3045,"date":"2025-06-19T09:15:19","date_gmt":"2025-06-19T07:15:19","guid":{"rendered":"https:\/\/giteduprinas.com\/?page_id=3045"},"modified":"2025-06-19T09:24:16","modified_gmt":"2025-06-19T07:24:16","slug":"faq","status":"publish","type":"page","link":"https:\/\/giteduprinas.com\/index.php\/faq\/","title":{"rendered":"FAQ"},"content":{"rendered":"\t\t<div data-elementor-type=\"wp-page\" data-elementor-id=\"3045\" class=\"elementor elementor-3045\">\n\t\t\t\t<div class=\"elementor-element elementor-element-3937dec e-con-full e-flex wpr-particle-no wpr-jarallax-no wpr-parallax-no wpr-sticky-section-no wpr-equal-height-no e-con e-parent\" data-id=\"3937dec\" data-element_type=\"container\" data-e-type=\"container\">\n\t\t\t\t<div class=\"elementor-element elementor-element-2ce4499 elementor-widget elementor-widget-image\" data-id=\"2ce4499\" data-element_type=\"widget\" data-e-type=\"widget\" data-widget_type=\"image.default\">\n\t\t\t\t<div class=\"elementor-widget-container\">\n\t\t\t\t\t\t\t\t\t\t\t\t\t\t\t<img fetchpriority=\"high\" decoding=\"async\" width=\"2560\" height=\"889\" src=\"https:\/\/giteduprinas.com\/wp-content\/uploads\/2024\/07\/slideactivites.jpg\" class=\"attachment-full size-full wp-image-2406\" alt=\"\" srcset=\"https:\/\/giteduprinas.com\/wp-content\/uploads\/2024\/07\/slideactivites.jpg 2560w, https:\/\/giteduprinas.com\/wp-content\/uploads\/2024\/07\/slideactivites-300x104.jpg 300w, https:\/\/giteduprinas.com\/wp-content\/uploads\/2024\/07\/slideactivites-1024x356.jpg 1024w, https:\/\/giteduprinas.com\/wp-content\/uploads\/2024\/07\/slideactivites-768x267.jpg 768w, https:\/\/giteduprinas.com\/wp-content\/uploads\/2024\/07\/slideactivites-1536x533.jpg 1536w, https:\/\/giteduprinas.com\/wp-content\/uploads\/2024\/07\/slideactivites-2048x711.jpg 2048w\" sizes=\"(max-width: 2560px) 100vw, 2560px\" \/>\t\t\t\t\t\t\t\t\t\t\t\t\t\t\t<\/div>\n\t\t\t\t<\/div>\n\t\t\t\t<\/div>\n\t\t<div class=\"elementor-element elementor-element-40a7b48 e-flex e-con-boxed wpr-particle-no wpr-jarallax-no wpr-parallax-no wpr-sticky-section-no wpr-equal-height-no e-con e-parent\" data-id=\"40a7b48\" data-element_type=\"container\" data-e-type=\"container\">\n\t\t\t\t\t<div class=\"e-con-inner\">\n\t\t\t\t<div class=\"elementor-element elementor-element-8b77d50 wpr-item-styles-wrapper wpr-grid-columns-3 wpr-grid-columns--tablet2 wpr-grid-columns--mobile1 elementor-widget elementor-widget-wpr-grid\" data-id=\"8b77d50\" data-element_type=\"widget\" data-e-type=\"widget\" data-widget_type=\"wpr-grid.default\">\n\t\t\t\t<div class=\"elementor-widget-container\">\n\t\t\t\t\t<ul class=\"wpr-grid-filters elementor-clearfix wpr-grid-filters-sep-right\"><li class=\" wpr-pointer-none wpr-pointer-line-fx wpr-pointer-fx-none\"><span  data-filter=\"*\" class=\"wpr-grid-filters-item wpr-active-filter \">All Posts<\/span><em class=\"wpr-grid-filters-sep\"><\/em><\/li><li class=\" wpr-pointer-none wpr-pointer-line-fx wpr-pointer-fx-none\"><span   data-ajax-filter=[\"category\",\"non-classe\"]  data-filter=\".category-non-classe\">Non class\u00e9<\/span><em class=\"wpr-grid-filters-sep\"><\/em><\/li><\/ul><section class=\"wpr-grid elementor-clearfix\" data-settings=\"{&quot;layout&quot;:&quot;fitRows&quot;,&quot;stick_last_element_to_bottom&quot;:&quot;&quot;,&quot;columns_desktop&quot;:3,&quot;gutter_hr&quot;:50,&quot;gutter_hr_mobile&quot;:50,&quot;gutter_hr_mobile_extra&quot;:50,&quot;gutter_hr_tablet&quot;:50,&quot;gutter_hr_tablet_extra&quot;:50,&quot;gutter_hr_laptop&quot;:50,&quot;gutter_hr_widescreen&quot;:50,&quot;gutter_vr&quot;:50,&quot;gutter_vr_mobile&quot;:50,&quot;gutter_vr_mobile_extra&quot;:50,&quot;gutter_vr_tablet&quot;:50,&quot;gutter_vr_tablet_extra&quot;:50,&quot;gutter_vr_laptop&quot;:50,&quot;gutter_vr_widescreen&quot;:50,&quot;animation&quot;:&quot;default&quot;,&quot;animation_duration&quot;:0.3,&quot;animation_delay&quot;:0.1,&quot;deeplinking&quot;:&quot;&quot;,&quot;filters_linkable&quot;:&quot;no&quot;,&quot;filters_default_filter&quot;:&quot;&quot;,&quot;filters_count&quot;:&quot;&quot;,&quot;filters_hide_empty&quot;:&quot;no&quot;,&quot;filters_animation&quot;:&quot;default&quot;,&quot;filters_animation_duration&quot;:0.3,&quot;filters_animation_delay&quot;:0.1,&quot;pagination_type&quot;:&quot;load-more&quot;,&quot;pagination_max_pages&quot;:1,&quot;lightbox&quot;:{&quot;selector&quot;:&quot;.wpr-grid-image-wrap&quot;,&quot;iframeMaxWidth&quot;:&quot;60%&quot;,&quot;hash&quot;:false,&quot;autoplay&quot;:&quot;true&quot;,&quot;pause&quot;:5000,&quot;progressBar&quot;:&quot;true&quot;,&quot;counter&quot;:&quot;true&quot;,&quot;controls&quot;:&quot;true&quot;,&quot;getCaptionFromTitleOrAlt&quot;:&quot;true&quot;,&quot;thumbnail&quot;:&quot;&quot;,&quot;showThumbByDefault&quot;:&quot;&quot;,&quot;share&quot;:&quot;&quot;,&quot;zoom&quot;:&quot;true&quot;,&quot;fullScreen&quot;:&quot;true&quot;,&quot;download&quot;:&quot;true&quot;}}\" data-advanced-filters=\"no\"><article class=\"wpr-grid-item elementor-clearfix post-3084 post type-post status-publish format-standard has-post-thumbnail hentry category-non-classe\"><div class=\"wpr-grid-item-inner\"><div class=\"wpr-grid-media-wrap wpr-effect-size-medium \" data-overlay-link=\"yes\"><div class=\"wpr-grid-image-wrap\" data-src=\"https:\/\/giteduprinas.com\/wp-content\/uploads\/2024\/07\/slidegourmandisescarre-scaled.jpg\" data-img-on-hover=\"\"  data-src-secondary=\"\"><img decoding=\"async\" data-no-lazy=\"1\" src=\"https:\/\/giteduprinas.com\/wp-content\/uploads\/2024\/07\/slidegourmandisescarre-scaled.jpg\" alt=\"Une journ\u00e9e type au G\u00eete du Prinas : nature, d\u00e9tente et gourmandises\" class=\"wpr-anim-timing-ease-default\"><\/div><div class=\"wpr-grid-media-hover wpr-animation-wrap\"><div class=\"wpr-grid-media-hover-bg  wpr-overlay-fade-in wpr-anim-size-large wpr-anim-timing-ease-default wpr-anim-transparency\" data-url=\"https:\/\/giteduprinas.com\/index.php\/2025\/06\/19\/une-journee-type-au-gite-du-prinas-nature-detente-et-gourmandises\/\"><\/div><\/div><\/div><div class=\"wpr-grid-item-below-content elementor-clearfix\"><h2 class=\"wpr-grid-item-title elementor-repeater-item-0b7eec5 wpr-grid-item-display-block wpr-grid-item-align-left wpr-pointer-none wpr-pointer-line-fx wpr-pointer-fx-fade\"><div class=\"inner-block\"><a target=\"_self\"  href=\"https:\/\/giteduprinas.com\/index.php\/2025\/06\/19\/une-journee-type-au-gite-du-prinas-nature-detente-et-gourmandises\/\">Une journ\u00e9e type au G\u00eete du Prinas : nature, d\u00e9tente et gourmandises<\/a><\/div><\/h2><div class=\"wpr-grid-item-read-more elementor-repeater-item-c4f7c43 wpr-grid-item-display-block wpr-grid-item-align-left\"><div class=\"inner-block\"><a target=\"_self\" href=\"https:\/\/giteduprinas.com\/index.php\/2025\/06\/19\/une-journee-type-au-gite-du-prinas-nature-detente-et-gourmandises\/\" class=\"wpr-button-effect wpr-button-none\"><span>Lire la suite<\/span><\/a><\/div><\/div><\/div><\/div><\/article><article class=\"wpr-grid-item elementor-clearfix post-3080 post type-post status-publish format-standard has-post-thumbnail hentry category-non-classe\"><div class=\"wpr-grid-item-inner\"><div class=\"wpr-grid-media-wrap wpr-effect-size-medium \" data-overlay-link=\"yes\"><div class=\"wpr-grid-image-wrap\" data-src=\"https:\/\/giteduprinas.com\/wp-content\/uploads\/2024\/02\/Geckos1.jpg\" data-img-on-hover=\"\"  data-src-secondary=\"\"><img decoding=\"async\" data-no-lazy=\"1\" src=\"https:\/\/giteduprinas.com\/wp-content\/uploads\/2024\/02\/Geckos1.jpg\" alt=\"Activit\u00e9s sportives \u00e0 faire autour du G\u00eete du Prinas : rando, v\u00e9lo, parapente\" class=\"wpr-anim-timing-ease-default\"><\/div><div class=\"wpr-grid-media-hover wpr-animation-wrap\"><div class=\"wpr-grid-media-hover-bg  wpr-overlay-fade-in wpr-anim-size-large wpr-anim-timing-ease-default wpr-anim-transparency\" data-url=\"https:\/\/giteduprinas.com\/index.php\/2025\/06\/19\/activites-sportives-a-faire-autour-du-gite-du-prinas-rando-velo-parapente\/\"><\/div><\/div><\/div><div class=\"wpr-grid-item-below-content elementor-clearfix\"><h2 class=\"wpr-grid-item-title elementor-repeater-item-0b7eec5 wpr-grid-item-display-block wpr-grid-item-align-left wpr-pointer-none wpr-pointer-line-fx wpr-pointer-fx-fade\"><div class=\"inner-block\"><a target=\"_self\"  href=\"https:\/\/giteduprinas.com\/index.php\/2025\/06\/19\/activites-sportives-a-faire-autour-du-gite-du-prinas-rando-velo-parapente\/\">Activit\u00e9s sportives \u00e0 faire autour du G\u00eete du Prinas : rando, v\u00e9lo, parapente<\/a><\/div><\/h2><div class=\"wpr-grid-item-read-more elementor-repeater-item-c4f7c43 wpr-grid-item-display-block wpr-grid-item-align-left\"><div class=\"inner-block\"><a target=\"_self\" href=\"https:\/\/giteduprinas.com\/index.php\/2025\/06\/19\/activites-sportives-a-faire-autour-du-gite-du-prinas-rando-velo-parapente\/\" class=\"wpr-button-effect wpr-button-none\"><span>Lire la suite<\/span><\/a><\/div><\/div><\/div><\/div><\/article><article class=\"wpr-grid-item elementor-clearfix post-3073 post type-post status-publish format-standard has-post-thumbnail hentry category-non-classe\"><div class=\"wpr-grid-item-inner\"><div class=\"wpr-grid-media-wrap wpr-effect-size-medium \" data-overlay-link=\"yes\"><div class=\"wpr-grid-image-wrap\" data-src=\"https:\/\/giteduprinas.com\/wp-content\/uploads\/2024\/01\/GiteDuPrinasJardin3-e1750322953920.jpg\" data-img-on-hover=\"\"  data-src-secondary=\"\"><img decoding=\"async\" data-no-lazy=\"1\" src=\"https:\/\/giteduprinas.com\/wp-content\/uploads\/2024\/01\/GiteDuPrinasJardin3-e1750322953920.jpg\" alt=\"Spa\" class=\"wpr-anim-timing-ease-default\"><\/div><div class=\"wpr-grid-media-hover wpr-animation-wrap\"><div class=\"wpr-grid-media-hover-bg  wpr-overlay-fade-in wpr-anim-size-large wpr-anim-timing-ease-default wpr-anim-transparency\" data-url=\"https:\/\/giteduprinas.com\/index.php\/2025\/06\/19\/idees-de-sejour-en-amoureux-dans-un-gite-avec-spa-en-montagne\/\"><\/div><\/div><\/div><div class=\"wpr-grid-item-below-content elementor-clearfix\"><h2 class=\"wpr-grid-item-title elementor-repeater-item-0b7eec5 wpr-grid-item-display-block wpr-grid-item-align-left wpr-pointer-none wpr-pointer-line-fx wpr-pointer-fx-fade\"><div class=\"inner-block\"><a target=\"_self\"  href=\"https:\/\/giteduprinas.com\/index.php\/2025\/06\/19\/idees-de-sejour-en-amoureux-dans-un-gite-avec-spa-en-montagne\/\">Id\u00e9es de s\u00e9jour en amoureux dans un g\u00eete avec spa en montagne<\/a><\/div><\/h2><div class=\"wpr-grid-item-read-more elementor-repeater-item-c4f7c43 wpr-grid-item-display-block wpr-grid-item-align-left\"><div class=\"inner-block\"><a target=\"_self\" href=\"https:\/\/giteduprinas.com\/index.php\/2025\/06\/19\/idees-de-sejour-en-amoureux-dans-un-gite-avec-spa-en-montagne\/\" class=\"wpr-button-effect wpr-button-none\"><span>Lire la suite<\/span><\/a><\/div><\/div><\/div><\/div><\/article><article class=\"wpr-grid-item elementor-clearfix post-3069 post type-post status-publish format-standard has-post-thumbnail hentry category-non-classe\"><div class=\"wpr-grid-item-inner\"><div class=\"wpr-grid-media-wrap wpr-effect-size-medium \" data-overlay-link=\"yes\"><div class=\"wpr-grid-image-wrap\" data-src=\"https:\/\/giteduprinas.com\/wp-content\/uploads\/2024\/07\/slidejardincarre.jpg\" data-img-on-hover=\"\"  data-src-secondary=\"\"><img decoding=\"async\" data-no-lazy=\"1\" src=\"https:\/\/giteduprinas.com\/wp-content\/uploads\/2024\/07\/slidejardincarre.jpg\" alt=\"Comment d\u00e9connecter en pleine nature : 3 jours de bien-\u00eatre au G\u00eete du Prinas\" class=\"wpr-anim-timing-ease-default\"><\/div><div class=\"wpr-grid-media-hover wpr-animation-wrap\"><div class=\"wpr-grid-media-hover-bg  wpr-overlay-fade-in wpr-anim-size-large wpr-anim-timing-ease-default wpr-anim-transparency\" data-url=\"https:\/\/giteduprinas.com\/index.php\/2025\/06\/19\/comment-deconnecter-en-pleine-nature-3-jours-de-bien-etre-au-gite-du-prinas\/\"><\/div><\/div><\/div><div class=\"wpr-grid-item-below-content elementor-clearfix\"><h2 class=\"wpr-grid-item-title elementor-repeater-item-0b7eec5 wpr-grid-item-display-block wpr-grid-item-align-left wpr-pointer-none wpr-pointer-line-fx wpr-pointer-fx-fade\"><div class=\"inner-block\"><a target=\"_self\"  href=\"https:\/\/giteduprinas.com\/index.php\/2025\/06\/19\/comment-deconnecter-en-pleine-nature-3-jours-de-bien-etre-au-gite-du-prinas\/\">Comment d\u00e9connecter en pleine nature : 3 jours de bien-\u00eatre au G\u00eete du Prinas<\/a><\/div><\/h2><div class=\"wpr-grid-item-read-more elementor-repeater-item-c4f7c43 wpr-grid-item-display-block wpr-grid-item-align-left\"><div class=\"inner-block\"><a target=\"_self\" href=\"https:\/\/giteduprinas.com\/index.php\/2025\/06\/19\/comment-deconnecter-en-pleine-nature-3-jours-de-bien-etre-au-gite-du-prinas\/\" class=\"wpr-button-effect wpr-button-none\"><span>Lire la suite<\/span><\/a><\/div><\/div><\/div><\/div><\/article><article class=\"wpr-grid-item elementor-clearfix post-3065 post type-post status-publish format-standard has-post-thumbnail hentry category-non-classe\"><div class=\"wpr-grid-item-inner\"><div class=\"wpr-grid-media-wrap wpr-effect-size-medium \" data-overlay-link=\"yes\"><div class=\"wpr-grid-image-wrap\" data-src=\"https:\/\/giteduprinas.com\/wp-content\/uploads\/2024\/07\/slideactivitescarre.jpg\" data-img-on-hover=\"\"  data-src-secondary=\"\"><img decoding=\"async\" data-no-lazy=\"1\" src=\"https:\/\/giteduprinas.com\/wp-content\/uploads\/2024\/07\/slideactivitescarre.jpg\" alt=\"Gr\u00e9oli\u00e8res-les-Neiges : station de ski familiale proche de la C\u00f4te d\u2019Azur\" class=\"wpr-anim-timing-ease-default\"><\/div><div class=\"wpr-grid-media-hover wpr-animation-wrap\"><div class=\"wpr-grid-media-hover-bg  wpr-overlay-fade-in wpr-anim-size-large wpr-anim-timing-ease-default wpr-anim-transparency\" data-url=\"https:\/\/giteduprinas.com\/index.php\/2025\/06\/19\/greolieres-les-neiges-station-de-ski-familiale-proche-de-la-cote-dazur\/\"><\/div><\/div><\/div><div class=\"wpr-grid-item-below-content elementor-clearfix\"><h2 class=\"wpr-grid-item-title elementor-repeater-item-0b7eec5 wpr-grid-item-display-block wpr-grid-item-align-left wpr-pointer-none wpr-pointer-line-fx wpr-pointer-fx-fade\"><div class=\"inner-block\"><a target=\"_self\"  href=\"https:\/\/giteduprinas.com\/index.php\/2025\/06\/19\/greolieres-les-neiges-station-de-ski-familiale-proche-de-la-cote-dazur\/\">Gr\u00e9oli\u00e8res-les-Neiges : station de ski familiale proche de la C\u00f4te d\u2019Azur<\/a><\/div><\/h2><div class=\"wpr-grid-item-read-more elementor-repeater-item-c4f7c43 wpr-grid-item-display-block wpr-grid-item-align-left\"><div class=\"inner-block\"><a target=\"_self\" href=\"https:\/\/giteduprinas.com\/index.php\/2025\/06\/19\/greolieres-les-neiges-station-de-ski-familiale-proche-de-la-cote-dazur\/\" class=\"wpr-button-effect wpr-button-none\"><span>Lire la suite<\/span><\/a><\/div><\/div><\/div><\/div><\/article><article class=\"wpr-grid-item elementor-clearfix post-3040 post type-post status-publish format-standard has-post-thumbnail hentry category-non-classe\"><div class=\"wpr-grid-item-inner\"><div class=\"wpr-grid-media-wrap wpr-effect-size-medium \" data-overlay-link=\"yes\"><div class=\"wpr-grid-image-wrap\" data-src=\"https:\/\/giteduprinas.com\/wp-content\/uploads\/2024\/07\/4activites.jpg\" data-img-on-hover=\"\"  data-src-secondary=\"\"><img decoding=\"async\" data-no-lazy=\"1\" src=\"https:\/\/giteduprinas.com\/wp-content\/uploads\/2024\/07\/4activites.jpg\" alt=\"Que faire \u00e0 Gr\u00e9oli\u00e8res et ses environs toute l\u2019ann\u00e9e ?\" class=\"wpr-anim-timing-ease-default\"><\/div><div class=\"wpr-grid-media-hover wpr-animation-wrap\"><div class=\"wpr-grid-media-hover-bg  wpr-overlay-fade-in wpr-anim-size-large wpr-anim-timing-ease-default wpr-anim-transparency\" data-url=\"https:\/\/giteduprinas.com\/index.php\/2025\/06\/19\/que-faire-a-greolieres-et-ses-environs-toute-lannee\/\"><\/div><\/div><\/div><div class=\"wpr-grid-item-below-content elementor-clearfix\"><h2 class=\"wpr-grid-item-title elementor-repeater-item-0b7eec5 wpr-grid-item-display-block wpr-grid-item-align-left wpr-pointer-none wpr-pointer-line-fx wpr-pointer-fx-fade\"><div class=\"inner-block\"><a target=\"_self\"  href=\"https:\/\/giteduprinas.com\/index.php\/2025\/06\/19\/que-faire-a-greolieres-et-ses-environs-toute-lannee\/\">Que faire \u00e0 Gr\u00e9oli\u00e8res et ses environs toute l\u2019ann\u00e9e ?<\/a><\/div><\/h2><div class=\"wpr-grid-item-read-more elementor-repeater-item-c4f7c43 wpr-grid-item-display-block wpr-grid-item-align-left\"><div class=\"inner-block\"><a target=\"_self\" href=\"https:\/\/giteduprinas.com\/index.php\/2025\/06\/19\/que-faire-a-greolieres-et-ses-environs-toute-lannee\/\" class=\"wpr-button-effect wpr-button-none\"><span>Lire la suite<\/span><\/a><\/div><\/div><\/div><\/div><\/article><\/section>\t\t\t\t<\/div>\n\t\t\t\t<\/div>\n\t\t\t\t\t<\/div>\n\t\t\t\t<\/div>\n\t\t\t\t<\/div>\n\t\t","protected":false},"excerpt":{"rendered":"<p>All Posts Non class\u00e9 Que faire \u00e0 Gr\u00e9oli\u00e8res et ses environs toute l\u2019ann\u00e9e ? Lire la suite<\/p>\n","protected":false},"author":1,"featured_media":0,"parent":0,"menu_order":0,"comment_status":"closed","ping_status":"closed","template":"","meta":{"footnotes":""},"class_list":["post-3045","page","type-page","status-publish","hentry"],"_links":{"self":[{"href":"https:\/\/giteduprinas.com\/index.php\/wp-json\/wp\/v2\/pages\/3045","targetHints":{"allow":["GET"]}}],"collection":[{"href":"https:\/\/giteduprinas.com\/index.php\/wp-json\/wp\/v2\/pages"}],"about":[{"href":"https:\/\/giteduprinas.com\/index.php\/wp-json\/wp\/v2\/types\/page"}],"author":[{"embeddable":true,"href":"https:\/\/giteduprinas.com\/index.php\/wp-json\/wp\/v2\/users\/1"}],"replies":[{"embeddable":true,"href":"https:\/\/giteduprinas.com\/index.php\/wp-json\/wp\/v2\/comments?post=3045"}],"version-history":[{"count":9,"href":"https:\/\/giteduprinas.com\/index.php\/wp-json\/wp\/v2\/pages\/3045\/revisions"}],"predecessor-version":[{"id":3057,"href":"https:\/\/giteduprinas.com\/index.php\/wp-json\/wp\/v2\/pages\/3045\/revisions\/3057"}],"wp:attachment":[{"href":"https:\/\/giteduprinas.com\/index.php\/wp-json\/wp\/v2\/media?parent=3045"}],"curies":[{"name":"wp","href":"https:\/\/api.w.org\/{rel}","templated":true}]}}