{"id":1843,"date":"2024-01-19T10:48:28","date_gmt":"2024-01-19T09:48:28","guid":{"rendered":"https:\/\/giteduprinas.com\/?page_id=1843"},"modified":"2026-04-27T09:24:21","modified_gmt":"2026-04-27T07:24:21","slug":"jardin-prive-avec-spa","status":"publish","type":"page","link":"https:\/\/giteduprinas.com\/index.php\/jardin-prive-avec-spa\/","title":{"rendered":"Jardin priv\u00e9 avec Spa"},"content":{"rendered":"<p class=\"attachment\"><a href='https:\/\/giteduprinas.com\/wp-content\/uploads\/2024\/01\/GiteDuPrinasJardin1.jpg'><img fetchpriority=\"high\" decoding=\"async\" width=\"300\" height=\"225\" src=\"https:\/\/giteduprinas.com\/wp-content\/uploads\/2024\/01\/GiteDuPrinasJardin1-300x225.jpg\" class=\"attachment-medium size-medium\" alt=\"\" srcset=\"https:\/\/giteduprinas.com\/wp-content\/uploads\/2024\/01\/GiteDuPrinasJardin1-300x225.jpg 300w, https:\/\/giteduprinas.com\/wp-content\/uploads\/2024\/01\/GiteDuPrinasJardin1-1024x768.jpg 1024w, https:\/\/giteduprinas.com\/wp-content\/uploads\/2024\/01\/GiteDuPrinasJardin1-768x576.jpg 768w, https:\/\/giteduprinas.com\/wp-content\/uploads\/2024\/01\/GiteDuPrinasJardin1.jpg 1080w\" sizes=\"(max-width: 300px) 100vw, 300px\" \/><\/a><\/p>\n\t\t<div data-elementor-type=\"wp-page\" data-elementor-id=\"1843\" class=\"elementor elementor-1843\">\n\t\t\t\t<div class=\"elementor-element elementor-element-c7fa8a9 e-con-full e-flex wpr-particle-no wpr-jarallax-no wpr-parallax-no wpr-sticky-section-no wpr-column-slider-no wpr-equal-height-no e-con e-parent\" data-id=\"c7fa8a9\" data-element_type=\"container\" data-e-type=\"container\">\n\t\t\t\t<div class=\"elementor-element elementor-element-a1203bc elementor-widget elementor-widget-image\" data-id=\"a1203bc\" data-element_type=\"widget\" data-e-type=\"widget\" data-widget_type=\"image.default\">\n\t\t\t\t<div class=\"elementor-widget-container\">\n\t\t\t\t\t\t\t\t\t\t\t\t\t\t\t<img decoding=\"async\" width=\"2560\" height=\"889\" src=\"https:\/\/giteduprinas.com\/wp-content\/uploads\/2024\/07\/slidejardin-scaled.jpg\" class=\"attachment-full size-full wp-image-2456\" alt=\"\" srcset=\"https:\/\/giteduprinas.com\/wp-content\/uploads\/2024\/07\/slidejardin-scaled.jpg 2560w, https:\/\/giteduprinas.com\/wp-content\/uploads\/2024\/07\/slidejardin-300x104.jpg 300w, https:\/\/giteduprinas.com\/wp-content\/uploads\/2024\/07\/slidejardin-1024x356.jpg 1024w, https:\/\/giteduprinas.com\/wp-content\/uploads\/2024\/07\/slidejardin-768x267.jpg 768w, https:\/\/giteduprinas.com\/wp-content\/uploads\/2024\/07\/slidejardin-1536x534.jpg 1536w, https:\/\/giteduprinas.com\/wp-content\/uploads\/2024\/07\/slidejardin-2048x711.jpg 2048w\" sizes=\"(max-width: 2560px) 100vw, 2560px\" \/>\t\t\t\t\t\t\t\t\t\t\t\t\t\t\t<\/div>\n\t\t\t\t<\/div>\n\t\t\t\t<\/div>\n\t\t<div class=\"elementor-element elementor-element-0e2c638 e-flex e-con-boxed wpr-particle-no wpr-jarallax-no wpr-parallax-no wpr-sticky-section-no wpr-column-slider-no wpr-equal-height-no e-con e-parent\" data-id=\"0e2c638\" data-element_type=\"container\" data-e-type=\"container\">\n\t\t\t\t\t<div class=\"e-con-inner\">\n\t\t<div class=\"elementor-element elementor-element-99a1b5f e-con-full e-flex wpr-particle-no wpr-jarallax-no wpr-parallax-no wpr-sticky-section-no wpr-column-slider-no wpr-equal-height-no e-con e-child\" data-id=\"99a1b5f\" data-element_type=\"container\" data-e-type=\"container\">\n\t\t\t\t<div class=\"elementor-element elementor-element-529e486 elementor-widget elementor-widget-text-editor\" data-id=\"529e486\" data-element_type=\"widget\" data-e-type=\"widget\" data-widget_type=\"text-editor.default\">\n\t\t\t\t<div class=\"elementor-widget-container\">\n\t\t\t\t\t\t\t\t\t<p>Le Spa, disponible toute l&rsquo;ann\u00e9e en suppl\u00e9ment, est \u00e0&nbsp;r\u00e9server 48h avant votre arriv\u00e9e.<\/p>\n<p>Chez nous, pas de cr\u00e9neau \u00e0 r\u00e9server, pas de planning \u00e0 respecter, le Spa est \u00e0 vous, tout simplement.<\/p>\n<p>De 16h \u00e0 10h le lendemain, profitez du jacuzzi en toute libert\u00e9, \u00e0 2, 3 ou 4.<\/p>\n<p>Ici, c&rsquo;est l&rsquo;instant d\u00e9tente qui prime, sans pression ni suppl\u00e9ment, une vraie parenth\u00e8se bien \u00eatre, \u00e0 savourer \u00e0 votre rythme.<\/p>\n<p>L&rsquo;espace ext\u00e9rieur vous permettra de d\u00e9jeuner ou d\u00eener \u00e0 l&rsquo;ombre de la pergola, avec une jolie vue sur le village de Cipi\u00e8res.<\/p>\n<p>Vous disposerez d&rsquo;une place de parking priv\u00e9e sur place.<\/p>\t\t\t\t\t\t\t\t<\/div>\n\t\t\t\t<\/div>\n\t\t\t\t<\/div>\n\t\t<div class=\"elementor-element elementor-element-c66c10d e-con-full e-flex wpr-particle-no wpr-jarallax-no wpr-parallax-no wpr-sticky-section-no wpr-column-slider-no wpr-equal-height-no e-con e-child\" data-id=\"c66c10d\" data-element_type=\"container\" data-e-type=\"container\">\n\t\t\t\t<div class=\"elementor-element elementor-element-cfda36a elementor-widget elementor-widget-image\" data-id=\"cfda36a\" data-element_type=\"widget\" data-e-type=\"widget\" data-widget_type=\"image.default\">\n\t\t\t\t<div class=\"elementor-widget-container\">\n\t\t\t\t\t\t\t\t\t\t\t\t\t\t\t<img decoding=\"async\" width=\"768\" height=\"1024\" src=\"https:\/\/giteduprinas.com\/wp-content\/uploads\/2024\/01\/GiteDuPrinasJardin3-768x1024.jpg\" class=\"attachment-large size-large wp-image-1850\" alt=\"\" \/>\t\t\t\t\t\t\t\t\t\t\t\t\t\t\t<\/div>\n\t\t\t\t<\/div>\n\t\t\t\t<\/div>\n\t\t\t\t\t<\/div>\n\t\t\t\t<\/div>\n\t\t<div class=\"elementor-element elementor-element-135f526 e-flex e-con-boxed wpr-particle-no wpr-jarallax-no wpr-parallax-no wpr-sticky-section-no wpr-column-slider-no wpr-equal-height-no e-con e-parent\" data-id=\"135f526\" data-element_type=\"container\" data-e-type=\"container\">\n\t\t\t\t\t<div class=\"e-con-inner\">\n\t\t\t\t<div class=\"elementor-element elementor-element-d7fcc88 wpr-grid-columns-3 wpr-grid-columns--tablet3 wpr-grid-columns--mobile1 wpr-grid-pagination-center elementor-widget elementor-widget-wpr-media-grid\" data-id=\"d7fcc88\" data-element_type=\"widget\" data-e-type=\"widget\" data-widget_type=\"wpr-media-grid.default\">\n\t\t\t\t<div class=\"elementor-widget-container\">\n\t\t\t\t\t<section class=\"wpr-grid wpr-media-grid elementor-clearfix\" data-settings=\"{&quot;layout&quot;:&quot;masonry&quot;,&quot;columns_desktop&quot;:&quot;3&quot;,&quot;gutter_hr&quot;:10,&quot;gutter_hr_mobile&quot;:10,&quot;gutter_hr_mobile_extra&quot;:10,&quot;gutter_hr_tablet&quot;:10,&quot;gutter_hr_tablet_extra&quot;:10,&quot;gutter_hr_laptop&quot;:10,&quot;gutter_hr_widescreen&quot;:10,&quot;gutter_vr&quot;:10,&quot;gutter_vr_mobile&quot;:9,&quot;gutter_vr_mobile_extra&quot;:8,&quot;gutter_vr_tablet&quot;:8,&quot;gutter_vr_tablet_extra&quot;:10,&quot;gutter_vr_laptop&quot;:10,&quot;gutter_vr_widescreen&quot;:10,&quot;animation&quot;:&quot;zoom&quot;,&quot;animation_duration&quot;:0.3,&quot;animation_delay&quot;:0.1,&quot;deeplinking&quot;:&quot;&quot;,&quot;filters_default_filter&quot;:&quot;&quot;,&quot;filters_linkable&quot;:&quot;no&quot;,&quot;filters_count&quot;:&quot;&quot;,&quot;filters_hide_empty&quot;:&quot;no&quot;,&quot;filters_animation&quot;:&quot;default&quot;,&quot;filters_animation_duration&quot;:0.3,&quot;filters_animation_delay&quot;:0.1,&quot;pagination_type&quot;:&quot;load-more&quot;,&quot;pagination_max_pages&quot;:1,&quot;lightbox&quot;:{&quot;selector&quot;:&quot;.wpr-grid-image-wrap&quot;,&quot;iframeMaxWidth&quot;:&quot;60%&quot;,&quot;hash&quot;:false,&quot;autoplay&quot;:&quot;&quot;,&quot;pause&quot;:5000,&quot;progressBar&quot;:&quot;true&quot;,&quot;counter&quot;:&quot;true&quot;,&quot;controls&quot;:&quot;true&quot;,&quot;getCaptionFromTitleOrAlt&quot;:&quot;&quot;,&quot;thumbnail&quot;:&quot;&quot;,&quot;showThumbByDefault&quot;:&quot;&quot;,&quot;share&quot;:&quot;&quot;,&quot;zoom&quot;:&quot;true&quot;,&quot;fullScreen&quot;:&quot;true&quot;,&quot;download&quot;:&quot;&quot;}}\"><article class=\"wpr-grid-item elementor-clearfix post-1853 attachment type-attachment status-inherit hentry\"><div class=\"wpr-grid-item-inner\"><div class=\"wpr-grid-media-wrap wpr-effect-size-small \"><div class=\"wpr-grid-image-wrap\" data-src=\"https:\/\/giteduprinas.com\/wp-content\/uploads\/2024\/01\/GiteDuPrinasJardin6.jpg\"><img decoding=\"async\" src=\"https:\/\/giteduprinas.com\/wp-content\/uploads\/2024\/01\/GiteDuPrinasJardin6.jpg\" alt=\"Jardin privatif\" class=\"wpr-anim-timing-ease-default\"><\/div><div class=\"wpr-grid-media-hover wpr-animation-wrap\"><div class=\"wpr-grid-media-hover-bg  wpr-overlay-fade-in wpr-anim-size-large wpr-anim-timing-ease-default wpr-anim-transparency\" data-url=\"https:\/\/giteduprinas.com\/giteduprinasjardin6\/\"><\/div><div class=\"wpr-cv-container\"><div class=\"wpr-cv-outer\"><div class=\"wpr-cv-inner\"><div class=\"wpr-grid-media-hover-middle elementor-clearfix\"><div class=\"wpr-grid-item-lightbox elementor-repeater-item-887fea4 wpr-grid-item-display-block wpr-grid-item-align-center wpr-element-fade-in wpr-anim-size-large wpr-anim-timing-ease-default wpr-anim-transparency\"><div class=\"inner-block\"><span data-src=\"https:\/\/giteduprinas.com\/wp-content\/uploads\/2024\/01\/GiteDuPrinasJardin6.jpg\"><i class=\"fas fa-search\"><\/i><\/span><div class=\"wpr-grid-lightbox-overlay\"><\/div><\/div><\/div><\/div><\/div><\/div><\/div><\/div><\/div><\/div><\/article><article class=\"wpr-grid-item elementor-clearfix post-1849 attachment type-attachment status-inherit hentry\"><div class=\"wpr-grid-item-inner\"><div class=\"wpr-grid-media-wrap wpr-effect-size-small \"><div class=\"wpr-grid-image-wrap\" data-src=\"https:\/\/giteduprinas.com\/wp-content\/uploads\/2024\/01\/GiteDuPrinasJardin2.jpg\"><img decoding=\"async\" src=\"https:\/\/giteduprinas.com\/wp-content\/uploads\/2024\/01\/GiteDuPrinasJardin2.jpg\" alt=\"Spa\" class=\"wpr-anim-timing-ease-default\"><\/div><div class=\"wpr-grid-media-hover wpr-animation-wrap\"><div class=\"wpr-grid-media-hover-bg  wpr-overlay-fade-in wpr-anim-size-large wpr-anim-timing-ease-default wpr-anim-transparency\" data-url=\"https:\/\/giteduprinas.com\/giteduprinasjardin2\/\"><\/div><div class=\"wpr-cv-container\"><div class=\"wpr-cv-outer\"><div class=\"wpr-cv-inner\"><div class=\"wpr-grid-media-hover-middle elementor-clearfix\"><div class=\"wpr-grid-item-lightbox elementor-repeater-item-887fea4 wpr-grid-item-display-block wpr-grid-item-align-center wpr-element-fade-in wpr-anim-size-large wpr-anim-timing-ease-default wpr-anim-transparency\"><div class=\"inner-block\"><span data-src=\"https:\/\/giteduprinas.com\/wp-content\/uploads\/2024\/01\/GiteDuPrinasJardin2.jpg\"><i class=\"fas fa-search\"><\/i><\/span><div class=\"wpr-grid-lightbox-overlay\"><\/div><\/div><\/div><\/div><\/div><\/div><\/div><\/div><\/div><\/div><\/article><article class=\"wpr-grid-item elementor-clearfix post-1851 attachment type-attachment status-inherit hentry\"><div class=\"wpr-grid-item-inner\"><div class=\"wpr-grid-media-wrap wpr-effect-size-small \"><div class=\"wpr-grid-image-wrap\" data-src=\"https:\/\/giteduprinas.com\/wp-content\/uploads\/2024\/01\/GiteDuPrinasJardin4.jpeg\"><img decoding=\"async\" src=\"https:\/\/giteduprinas.com\/wp-content\/uploads\/2024\/01\/GiteDuPrinasJardin4.jpeg\" alt=\"Spa\" class=\"wpr-anim-timing-ease-default\"><\/div><div class=\"wpr-grid-media-hover wpr-animation-wrap\"><div class=\"wpr-grid-media-hover-bg  wpr-overlay-fade-in wpr-anim-size-large wpr-anim-timing-ease-default wpr-anim-transparency\" data-url=\"https:\/\/giteduprinas.com\/giteduprinasjardin4\/\"><\/div><div class=\"wpr-cv-container\"><div class=\"wpr-cv-outer\"><div class=\"wpr-cv-inner\"><div class=\"wpr-grid-media-hover-middle elementor-clearfix\"><div class=\"wpr-grid-item-lightbox elementor-repeater-item-887fea4 wpr-grid-item-display-block wpr-grid-item-align-center wpr-element-fade-in wpr-anim-size-large wpr-anim-timing-ease-default wpr-anim-transparency\"><div class=\"inner-block\"><span data-src=\"https:\/\/giteduprinas.com\/wp-content\/uploads\/2024\/01\/GiteDuPrinasJardin4.jpeg\"><i class=\"fas fa-search\"><\/i><\/span><div class=\"wpr-grid-lightbox-overlay\"><\/div><\/div><\/div><\/div><\/div><\/div><\/div><\/div><\/div><\/div><\/article><article class=\"wpr-grid-item elementor-clearfix post-1852 attachment type-attachment status-inherit hentry\"><div class=\"wpr-grid-item-inner\"><div class=\"wpr-grid-media-wrap wpr-effect-size-small \"><div class=\"wpr-grid-image-wrap\" data-src=\"https:\/\/giteduprinas.com\/wp-content\/uploads\/2024\/01\/GiteDuPrinasJardin5.jpg\"><img decoding=\"async\" src=\"https:\/\/giteduprinas.com\/wp-content\/uploads\/2024\/01\/GiteDuPrinasJardin5.jpg\" alt=\"Jardin privatif\" class=\"wpr-anim-timing-ease-default\"><\/div><div class=\"wpr-grid-media-hover wpr-animation-wrap\"><div class=\"wpr-grid-media-hover-bg  wpr-overlay-fade-in wpr-anim-size-large wpr-anim-timing-ease-default wpr-anim-transparency\" data-url=\"https:\/\/giteduprinas.com\/giteduprinasjardin5\/\"><\/div><div class=\"wpr-cv-container\"><div class=\"wpr-cv-outer\"><div class=\"wpr-cv-inner\"><div class=\"wpr-grid-media-hover-middle elementor-clearfix\"><div class=\"wpr-grid-item-lightbox elementor-repeater-item-887fea4 wpr-grid-item-display-block wpr-grid-item-align-center wpr-element-fade-in wpr-anim-size-large wpr-anim-timing-ease-default wpr-anim-transparency\"><div class=\"inner-block\"><span data-src=\"https:\/\/giteduprinas.com\/wp-content\/uploads\/2024\/01\/GiteDuPrinasJardin5.jpg\"><i class=\"fas fa-search\"><\/i><\/span><div class=\"wpr-grid-lightbox-overlay\"><\/div><\/div><\/div><\/div><\/div><\/div><\/div><\/div><\/div><\/div><\/article><article class=\"wpr-grid-item elementor-clearfix post-1848 attachment type-attachment status-inherit hentry\"><div class=\"wpr-grid-item-inner\"><div class=\"wpr-grid-media-wrap wpr-effect-size-small \"><div class=\"wpr-grid-image-wrap\" data-src=\"https:\/\/giteduprinas.com\/wp-content\/uploads\/2024\/01\/GiteDuPrinasJardin1.jpg\"><img decoding=\"async\" src=\"https:\/\/giteduprinas.com\/wp-content\/uploads\/2024\/01\/GiteDuPrinasJardin1.jpg\" alt=\"Jardin privatif\" class=\"wpr-anim-timing-ease-default\"><\/div><div class=\"wpr-grid-media-hover wpr-animation-wrap\"><div class=\"wpr-grid-media-hover-bg  wpr-overlay-fade-in wpr-anim-size-large wpr-anim-timing-ease-default wpr-anim-transparency\" data-url=\"https:\/\/giteduprinas.com\/giteduprinasjardin1\/\"><\/div><div class=\"wpr-cv-container\"><div class=\"wpr-cv-outer\"><div class=\"wpr-cv-inner\"><div class=\"wpr-grid-media-hover-middle elementor-clearfix\"><div class=\"wpr-grid-item-lightbox elementor-repeater-item-887fea4 wpr-grid-item-display-block wpr-grid-item-align-center wpr-element-fade-in wpr-anim-size-large wpr-anim-timing-ease-default wpr-anim-transparency\"><div class=\"inner-block\"><span data-src=\"https:\/\/giteduprinas.com\/wp-content\/uploads\/2024\/01\/GiteDuPrinasJardin1.jpg\"><i class=\"fas fa-search\"><\/i><\/span><div class=\"wpr-grid-lightbox-overlay\"><\/div><\/div><\/div><\/div><\/div><\/div><\/div><\/div><\/div><\/div><\/article><\/section>\t\t\t\t<\/div>\n\t\t\t\t<\/div>\n\t\t\t\t\t<\/div>\n\t\t\t\t<\/div>\n\t\t\t\t<\/div>\n\t\t","protected":false},"excerpt":{"rendered":"<p>Le Spa, disponible toute l&rsquo;ann\u00e9e en suppl\u00e9ment, est \u00e0&nbsp;r\u00e9server 48h avant votre arriv\u00e9e. Chez nous, pas de cr\u00e9neau \u00e0 r\u00e9server, pas de planning \u00e0 respecter, le Spa est \u00e0 vous, tout simplement. De 16h \u00e0 10h le lendemain, profitez du jacuzzi en toute libert\u00e9, \u00e0 2, 3 ou 4. Ici, c&rsquo;est l&rsquo;instant d\u00e9tente qui prime, sans pression ni suppl\u00e9ment, une vraie parenth\u00e8se bien \u00eatre, \u00e0 savourer \u00e0 votre rythme. L&rsquo;espace ext\u00e9rieur vous permettra de d\u00e9jeuner ou d\u00eener \u00e0 l&rsquo;ombre de la pergola, avec une jolie vue sur le village de Cipi\u00e8res. Vous disposerez d&rsquo;une place de parking priv\u00e9e sur place.<\/p>\n","protected":false},"author":1,"featured_media":0,"parent":0,"menu_order":0,"comment_status":"closed","ping_status":"closed","template":"elementor_header_footer","meta":{"footnotes":""},"class_list":["post-1843","page","type-page","status-publish","hentry"],"_links":{"self":[{"href":"https:\/\/giteduprinas.com\/index.php\/wp-json\/wp\/v2\/pages\/1843","targetHints":{"allow":["GET"]}}],"collection":[{"href":"https:\/\/giteduprinas.com\/index.php\/wp-json\/wp\/v2\/pages"}],"about":[{"href":"https:\/\/giteduprinas.com\/index.php\/wp-json\/wp\/v2\/types\/page"}],"author":[{"embeddable":true,"href":"https:\/\/giteduprinas.com\/index.php\/wp-json\/wp\/v2\/users\/1"}],"replies":[{"embeddable":true,"href":"https:\/\/giteduprinas.com\/index.php\/wp-json\/wp\/v2\/comments?post=1843"}],"version-history":[{"count":70,"href":"https:\/\/giteduprinas.com\/index.php\/wp-json\/wp\/v2\/pages\/1843\/revisions"}],"predecessor-version":[{"id":3114,"href":"https:\/\/giteduprinas.com\/index.php\/wp-json\/wp\/v2\/pages\/1843\/revisions\/3114"}],"wp:attachment":[{"href":"https:\/\/giteduprinas.com\/index.php\/wp-json\/wp\/v2\/media?parent=1843"}],"curies":[{"name":"wp","href":"https:\/\/api.w.org\/{rel}","templated":true}]}}