{"id":1723,"date":"2024-01-12T09:07:25","date_gmt":"2024-01-12T08:07:25","guid":{"rendered":"https:\/\/giteduprinas.com\/?page_id=1723"},"modified":"2025-06-18T11:23:09","modified_gmt":"2025-06-18T09:23:09","slug":"home","status":"publish","type":"page","link":"https:\/\/giteduprinas.com\/","title":{"rendered":"Home"},"content":{"rendered":"\t\t<div data-elementor-type=\"wp-page\" data-elementor-id=\"1723\" class=\"elementor elementor-1723\">\n\t\t\t\t<div class=\"elementor-element elementor-element-28f45d0 e-con-full e-flex wpr-particle-no wpr-jarallax-no wpr-parallax-no wpr-sticky-section-no wpr-equal-height-no e-con e-parent\" data-id=\"28f45d0\" data-element_type=\"container\" data-e-type=\"container\" data-settings=\"{&quot;background_background&quot;:&quot;slideshow&quot;,&quot;background_slideshow_gallery&quot;:[{&quot;id&quot;:2481,&quot;url&quot;:&quot;https:\\\/\\\/giteduprinas.com\\\/wp-content\\\/uploads\\\/2024\\\/07\\\/slidertarifs.jpg&quot;},{&quot;id&quot;:2456,&quot;url&quot;:&quot;https:\\\/\\\/giteduprinas.com\\\/wp-content\\\/uploads\\\/2024\\\/07\\\/slidejardin-scaled.jpg&quot;},{&quot;id&quot;:2471,&quot;url&quot;:&quot;https:\\\/\\\/giteduprinas.com\\\/wp-content\\\/uploads\\\/2024\\\/07\\\/slidercontact-scaled.jpg&quot;},{&quot;id&quot;:2409,&quot;url&quot;:&quot;https:\\\/\\\/giteduprinas.com\\\/wp-content\\\/uploads\\\/2024\\\/07\\\/slidelogement-scaled.jpg&quot;},{&quot;id&quot;:2919,&quot;url&quot;:&quot;https:\\\/\\\/giteduprinas.com\\\/wp-content\\\/uploads\\\/2025\\\/06\\\/sliderreservation.jpg&quot;}],&quot;background_slideshow_loop&quot;:&quot;yes&quot;,&quot;background_slideshow_slide_duration&quot;:5000,&quot;background_slideshow_slide_transition&quot;:&quot;fade&quot;,&quot;background_slideshow_transition_duration&quot;:500}\">\n\t\t\t\t<\/div>\n\t\t<div class=\"elementor-element elementor-element-b6f4997 e-flex e-con-boxed wpr-particle-no wpr-jarallax-no wpr-parallax-no wpr-sticky-section-no wpr-equal-height-no e-con e-parent\" data-id=\"b6f4997\" data-element_type=\"container\" data-e-type=\"container\">\n\t\t\t\t\t<div class=\"e-con-inner\">\n\t\t\t\t<div class=\"elementor-element elementor-element-0c7bc4b elementor-widget elementor-widget-text-editor\" data-id=\"0c7bc4b\" data-element_type=\"widget\" data-e-type=\"widget\" data-widget_type=\"text-editor.default\">\n\t\t\t\t<div class=\"elementor-widget-container\">\n\t\t\t\t\t\t\t\t\t<p>Situ\u00e9 dans l&rsquo;arri\u00e8re pays Grassois, au coeur du Parc R\u00e9gional des pr\u00e9 Alpes d&rsquo;Azur, Gr\u00e9oli\u00e8res est l&rsquo;endroit parfait pour s&rsquo;\u00e9vader hiver comme \u00e9t\u00e9 au calme de la nature.<\/p><p>Point de d\u00e9part de nombreuses excursions, vous pourrez profiter des jolis paysages de nos montagnes.<\/p>\t\t\t\t\t\t\t\t<\/div>\n\t\t\t\t<\/div>\n\t\t\t\t\t<\/div>\n\t\t\t\t<\/div>\n\t\t<div class=\"elementor-element elementor-element-45dbe1a e-con-full e-flex wpr-particle-no wpr-jarallax-no wpr-parallax-no wpr-sticky-section-no wpr-equal-height-no e-con e-parent\" data-id=\"45dbe1a\" data-element_type=\"container\" data-e-type=\"container\">\n\t\t<div class=\"elementor-element elementor-element-da59e60 e-con-full e-flex wpr-particle-no wpr-jarallax-no wpr-parallax-no wpr-sticky-section-no wpr-equal-height-no e-con e-child\" data-id=\"da59e60\" data-element_type=\"container\" data-e-type=\"container\">\n\t\t\t\t<div class=\"elementor-element elementor-element-7c9701e elementor-widget elementor-widget-image\" data-id=\"7c9701e\" data-element_type=\"widget\" data-e-type=\"widget\" data-widget_type=\"image.default\">\n\t\t\t\t<div class=\"elementor-widget-container\">\n\t\t\t\t\t\t\t\t\t\t\t\t\t\t\t\t<a href=\"https:\/\/giteduprinas.com\/index.php\/jardin-prive-avec-spa\/\">\n\t\t\t\t\t\t\t<img fetchpriority=\"high\" decoding=\"async\" width=\"1080\" height=\"1080\" src=\"https:\/\/giteduprinas.com\/wp-content\/uploads\/2024\/07\/1jardin.jpg\" class=\"elementor-animation-shrink attachment-full size-full wp-image-2364\" alt=\"\" srcset=\"https:\/\/giteduprinas.com\/wp-content\/uploads\/2024\/07\/1jardin.jpg 1080w, https:\/\/giteduprinas.com\/wp-content\/uploads\/2024\/07\/1jardin-300x300.jpg 300w, https:\/\/giteduprinas.com\/wp-content\/uploads\/2024\/07\/1jardin-1024x1024.jpg 1024w, https:\/\/giteduprinas.com\/wp-content\/uploads\/2024\/07\/1jardin-150x150.jpg 150w, https:\/\/giteduprinas.com\/wp-content\/uploads\/2024\/07\/1jardin-768x768.jpg 768w\" sizes=\"(max-width: 1080px) 100vw, 1080px\" \/>\t\t\t\t\t\t\t\t<\/a>\n\t\t\t\t\t\t\t\t\t\t\t\t\t\t\t<\/div>\n\t\t\t\t<\/div>\n\t\t\t\t<div class=\"elementor-element elementor-element-1b71a22 elementor-invisible elementor-widget elementor-widget-text-editor\" data-id=\"1b71a22\" data-element_type=\"widget\" data-e-type=\"widget\" data-settings=\"{&quot;_animation&quot;:&quot;zoomIn&quot;}\" data-widget_type=\"text-editor.default\">\n\t\t\t\t<div class=\"elementor-widget-container\">\n\t\t\t\t\t\t\t\t\t<p>Jardin priv\u00e9 avec Spa<\/p>\t\t\t\t\t\t\t\t<\/div>\n\t\t\t\t<\/div>\n\t\t\t\t<\/div>\n\t\t<div class=\"elementor-element elementor-element-97aac99 e-con-full e-flex wpr-particle-no wpr-jarallax-no wpr-parallax-no wpr-sticky-section-no wpr-equal-height-no e-con e-child\" data-id=\"97aac99\" data-element_type=\"container\" data-e-type=\"container\">\n\t\t\t\t<div class=\"elementor-element elementor-element-b70c6ab elementor-widget elementor-widget-image\" data-id=\"b70c6ab\" data-element_type=\"widget\" data-e-type=\"widget\" data-widget_type=\"image.default\">\n\t\t\t\t<div class=\"elementor-widget-container\">\n\t\t\t\t\t\t\t\t\t\t\t\t\t\t\t\t<a href=\"https:\/\/giteduprinas.com\/index.php\/votre-logement\/\">\n\t\t\t\t\t\t\t<img decoding=\"async\" width=\"800\" height=\"800\" src=\"https:\/\/giteduprinas.com\/wp-content\/uploads\/2024\/07\/2logement-1024x1024.jpg\" class=\"elementor-animation-shrink attachment-large size-large wp-image-2365\" alt=\"\" srcset=\"https:\/\/giteduprinas.com\/wp-content\/uploads\/2024\/07\/2logement-1024x1024.jpg 1024w, https:\/\/giteduprinas.com\/wp-content\/uploads\/2024\/07\/2logement-300x300.jpg 300w, https:\/\/giteduprinas.com\/wp-content\/uploads\/2024\/07\/2logement-150x150.jpg 150w, https:\/\/giteduprinas.com\/wp-content\/uploads\/2024\/07\/2logement-768x768.jpg 768w, https:\/\/giteduprinas.com\/wp-content\/uploads\/2024\/07\/2logement.jpg 1080w\" sizes=\"(max-width: 800px) 100vw, 800px\" \/>\t\t\t\t\t\t\t\t<\/a>\n\t\t\t\t\t\t\t\t\t\t\t\t\t\t\t<\/div>\n\t\t\t\t<\/div>\n\t\t\t\t<div class=\"elementor-element elementor-element-08db2a9 elementor-invisible elementor-widget elementor-widget-text-editor\" data-id=\"08db2a9\" data-element_type=\"widget\" data-e-type=\"widget\" data-settings=\"{&quot;_animation&quot;:&quot;zoomIn&quot;}\" data-widget_type=\"text-editor.default\">\n\t\t\t\t<div class=\"elementor-widget-container\">\n\t\t\t\t\t\t\t\t\t<p>Votre logement<\/p>\t\t\t\t\t\t\t\t<\/div>\n\t\t\t\t<\/div>\n\t\t\t\t<\/div>\n\t\t<div class=\"elementor-element elementor-element-b08ebca e-con-full e-flex wpr-particle-no wpr-jarallax-no wpr-parallax-no wpr-sticky-section-no wpr-equal-height-no e-con e-child\" data-id=\"b08ebca\" data-element_type=\"container\" data-e-type=\"container\">\n\t\t\t\t<div class=\"elementor-element elementor-element-389551a elementor-widget elementor-widget-image\" data-id=\"389551a\" data-element_type=\"widget\" data-e-type=\"widget\" data-widget_type=\"image.default\">\n\t\t\t\t<div class=\"elementor-widget-container\">\n\t\t\t\t\t\t\t\t\t\t\t\t\t\t\t\t<a href=\"https:\/\/giteduprinas.com\/index.php\/les-gourmandises\/\">\n\t\t\t\t\t\t\t<img decoding=\"async\" width=\"800\" height=\"800\" src=\"https:\/\/giteduprinas.com\/wp-content\/uploads\/2024\/07\/3gourmandises-1024x1024.jpg\" class=\"elementor-animation-shrink attachment-large size-large wp-image-2366\" alt=\"\" srcset=\"https:\/\/giteduprinas.com\/wp-content\/uploads\/2024\/07\/3gourmandises-1024x1024.jpg 1024w, https:\/\/giteduprinas.com\/wp-content\/uploads\/2024\/07\/3gourmandises-300x300.jpg 300w, https:\/\/giteduprinas.com\/wp-content\/uploads\/2024\/07\/3gourmandises-150x150.jpg 150w, https:\/\/giteduprinas.com\/wp-content\/uploads\/2024\/07\/3gourmandises-768x768.jpg 768w, https:\/\/giteduprinas.com\/wp-content\/uploads\/2024\/07\/3gourmandises.jpg 1080w\" sizes=\"(max-width: 800px) 100vw, 800px\" \/>\t\t\t\t\t\t\t\t<\/a>\n\t\t\t\t\t\t\t\t\t\t\t\t\t\t\t<\/div>\n\t\t\t\t<\/div>\n\t\t\t\t<div class=\"elementor-element elementor-element-a203976 elementor-invisible elementor-widget elementor-widget-text-editor\" data-id=\"a203976\" data-element_type=\"widget\" data-e-type=\"widget\" data-settings=\"{&quot;_animation&quot;:&quot;zoomIn&quot;}\" data-widget_type=\"text-editor.default\">\n\t\t\t\t<div class=\"elementor-widget-container\">\n\t\t\t\t\t\t\t\t\t<p>Les gourmandises<\/p>\t\t\t\t\t\t\t\t<\/div>\n\t\t\t\t<\/div>\n\t\t\t\t<\/div>\n\t\t<div class=\"elementor-element elementor-element-69e2b9e e-con-full e-flex wpr-particle-no wpr-jarallax-no wpr-parallax-no wpr-sticky-section-no wpr-equal-height-no e-con e-child\" data-id=\"69e2b9e\" data-element_type=\"container\" data-e-type=\"container\">\n\t\t\t\t<div class=\"elementor-element elementor-element-25bb21d elementor-widget elementor-widget-image\" data-id=\"25bb21d\" data-element_type=\"widget\" data-e-type=\"widget\" data-widget_type=\"image.default\">\n\t\t\t\t<div class=\"elementor-widget-container\">\n\t\t\t\t\t\t\t\t\t\t\t\t\t\t\t\t<a href=\"https:\/\/giteduprinas.com\/index.php\/activites\/\">\n\t\t\t\t\t\t\t<img loading=\"lazy\" decoding=\"async\" width=\"800\" height=\"800\" src=\"https:\/\/giteduprinas.com\/wp-content\/uploads\/2024\/07\/4activites-1024x1024.jpg\" class=\"elementor-animation-shrink attachment-large size-large wp-image-2367\" alt=\"\" srcset=\"https:\/\/giteduprinas.com\/wp-content\/uploads\/2024\/07\/4activites-1024x1024.jpg 1024w, https:\/\/giteduprinas.com\/wp-content\/uploads\/2024\/07\/4activites-300x300.jpg 300w, https:\/\/giteduprinas.com\/wp-content\/uploads\/2024\/07\/4activites-150x150.jpg 150w, https:\/\/giteduprinas.com\/wp-content\/uploads\/2024\/07\/4activites-768x768.jpg 768w, https:\/\/giteduprinas.com\/wp-content\/uploads\/2024\/07\/4activites.jpg 1080w\" sizes=\"(max-width: 800px) 100vw, 800px\" \/>\t\t\t\t\t\t\t\t<\/a>\n\t\t\t\t\t\t\t\t\t\t\t\t\t\t\t<\/div>\n\t\t\t\t<\/div>\n\t\t\t\t<div class=\"elementor-element elementor-element-3ed6f77 elementor-invisible elementor-widget elementor-widget-text-editor\" data-id=\"3ed6f77\" data-element_type=\"widget\" data-e-type=\"widget\" data-settings=\"{&quot;_animation&quot;:&quot;zoomIn&quot;}\" data-widget_type=\"text-editor.default\">\n\t\t\t\t<div class=\"elementor-widget-container\">\n\t\t\t\t\t\t\t\t\t<p>Activit\u00e9s \u00e0 proximit\u00e9<\/p>\t\t\t\t\t\t\t\t<\/div>\n\t\t\t\t<\/div>\n\t\t\t\t<\/div>\n\t\t\t\t<\/div>\n\t\t<div class=\"elementor-element elementor-element-99402af e-flex e-con-boxed wpr-particle-no wpr-jarallax-no wpr-parallax-no wpr-sticky-section-no wpr-equal-height-no e-con e-parent\" data-id=\"99402af\" data-element_type=\"container\" data-e-type=\"container\">\n\t\t\t\t\t<div class=\"e-con-inner\">\n\t\t\t\t<div class=\"elementor-element elementor-element-972cc2a elementor-widget elementor-widget-text-editor\" data-id=\"972cc2a\" data-element_type=\"widget\" data-e-type=\"widget\" data-widget_type=\"text-editor.default\">\n\t\t\t\t<div class=\"elementor-widget-container\">\n\t\t\t\t\t\t\t\t\t<p>Le g\u00eete, expos\u00e9 plein sud, se trouve \u00e0 20 minutes de Bar sur Loup et de la station de Gr\u00e9oli\u00e8res les Neiges, \u00e0 45 minutes de Valbonne Sophia-Antipolis et de l&rsquo;a\u00e9roport de Nice.<br \/>De nombreux loisirs, golf, parapente, tennis, accrobranche, via souterrata, randonn\u00e9e, \u00e9quitation, r\u00e9serve des Monts d&rsquo;Azur&#8230; sont propos\u00e9es \u00e0 proximit\u00e9.<\/p>\t\t\t\t\t\t\t\t<\/div>\n\t\t\t\t<\/div>\n\t\t\t\t\t<\/div>\n\t\t\t\t<\/div>\n\t\t<div class=\"elementor-element elementor-element-4d00743 e-con-full e-flex wpr-particle-no wpr-jarallax-no wpr-parallax-no wpr-sticky-section-no wpr-equal-height-no e-con e-parent\" data-id=\"4d00743\" data-element_type=\"container\" data-e-type=\"container\">\n\t\t<div class=\"elementor-element elementor-element-fbe58a0 e-con-full e-flex wpr-particle-no wpr-jarallax-no wpr-parallax-no wpr-sticky-section-no wpr-equal-height-no e-con e-child\" data-id=\"fbe58a0\" data-element_type=\"container\" data-e-type=\"container\" data-settings=\"{&quot;background_background&quot;:&quot;classic&quot;}\">\n\t\t\t\t<div class=\"elementor-element elementor-element-c406be7 elementor-widget__width-initial elementor-widget elementor-widget-video\" data-id=\"c406be7\" data-element_type=\"widget\" data-e-type=\"widget\" data-settings=\"{&quot;video_type&quot;:&quot;hosted&quot;,&quot;autoplay&quot;:&quot;yes&quot;,&quot;play_on_mobile&quot;:&quot;yes&quot;,&quot;loop&quot;:&quot;yes&quot;,&quot;mute&quot;:&quot;yes&quot;,&quot;controls&quot;:&quot;yes&quot;}\" data-widget_type=\"video.default\">\n\t\t\t\t<div class=\"elementor-widget-container\">\n\t\t\t\t\t\t\t<div class=\"e-hosted-video elementor-wrapper elementor-open-inline\">\n\t\t\t\t\t<video class=\"elementor-video\" src=\"https:\/\/giteduprinas.com\/wp-content\/uploads\/2024\/07\/videoaccueil.mp4\" autoplay=\"\" loop=\"\" controls=\"\" muted=\"muted\" playsinline=\"\" controlsList=\"nodownload\"><\/video>\n\t\t\t\t<\/div>\n\t\t\t\t\t\t<\/div>\n\t\t\t\t<\/div>\n\t\t\t\t<\/div>\n\t\t\t\t<\/div>\n\t\t<div class=\"elementor-element elementor-element-c69af59 e-con-full e-flex wpr-particle-no wpr-jarallax-no wpr-parallax-no wpr-sticky-section-no wpr-equal-height-no e-con e-parent\" data-id=\"c69af59\" data-element_type=\"container\" data-e-type=\"container\">\n\t\t\t\t<div class=\"elementor-element elementor-element-935ef1e elementor-widget elementor-widget-heading\" data-id=\"935ef1e\" data-element_type=\"widget\" data-e-type=\"widget\" data-widget_type=\"heading.default\">\n\t\t\t\t<div class=\"elementor-widget-container\">\n\t\t\t\t\t<h2 class=\"elementor-heading-title elementor-size-default\">GREOLIERES LES NEIGES<\/h2>\t\t\t\t<\/div>\n\t\t\t\t<\/div>\n\t\t\t\t<div class=\"elementor-element elementor-element-9bf5356 elementor-widget elementor-widget-text-editor\" data-id=\"9bf5356\" data-element_type=\"widget\" data-e-type=\"widget\" data-widget_type=\"text-editor.default\">\n\t\t\t\t<div class=\"elementor-widget-container\">\n\t\t\t\t\t\t\t\t\t<p><a href=\"https:\/\/giteduprinas.com\/index.php\/activites\/\">D\u00e9couvrez toutes les activit\u00e9s de la r\u00e9gion -&gt;<\/a><\/p>\t\t\t\t\t\t\t\t<\/div>\n\t\t\t\t<\/div>\n\t\t\t\t<\/div>\n\t\t<div class=\"elementor-element elementor-element-ac33b02 e-con-full e-flex wpr-particle-no wpr-jarallax-no wpr-parallax-no wpr-sticky-section-no wpr-equal-height-no e-con e-parent\" data-id=\"ac33b02\" data-element_type=\"container\" data-e-type=\"container\">\n\t\t\t\t<div class=\"elementor-element elementor-element-73a1619 elementor-widget elementor-widget-google_maps\" data-id=\"73a1619\" data-element_type=\"widget\" data-e-type=\"widget\" data-widget_type=\"google_maps.default\">\n\t\t\t\t<div class=\"elementor-widget-container\">\n\t\t\t\t\t\t\t<div class=\"elementor-custom-embed\">\n\t\t\t<iframe loading=\"lazy\"\n\t\t\t\t\tsrc=\"https:\/\/maps.google.com\/maps?q=690%20route%20du%20prinas%2006620%20greolieres&#038;t=m&#038;z=14&#038;output=embed&#038;iwloc=near\"\n\t\t\t\t\ttitle=\"690 route du prinas 06620 greolieres\"\n\t\t\t\t\taria-label=\"690 route du prinas 06620 greolieres\"\n\t\t\t><\/iframe>\n\t\t<\/div>\n\t\t\t\t\t\t<\/div>\n\t\t\t\t<\/div>\n\t\t\t\t<\/div>\n\t\t\t\t<\/div>\n\t\t","protected":false},"excerpt":{"rendered":"<p>Situ\u00e9 dans l&rsquo;arri\u00e8re pays Grassois, au coeur du Parc R\u00e9gional des pr\u00e9 Alpes d&rsquo;Azur, Gr\u00e9oli\u00e8res est l&rsquo;endroit parfait pour s&rsquo;\u00e9vader hiver comme \u00e9t\u00e9 au calme de la nature. Point de d\u00e9part de nombreuses excursions, vous pourrez profiter des jolis paysages de nos montagnes. Jardin priv\u00e9 avec Spa Votre logement Les gourmandises Activit\u00e9s \u00e0 proximit\u00e9 Le g\u00eete, expos\u00e9 plein sud, se trouve \u00e0 20 minutes de Bar sur Loup et de la station de Gr\u00e9oli\u00e8res les Neiges, \u00e0 45 minutes de Valbonne Sophia-Antipolis et de l&rsquo;a\u00e9roport de Nice.De nombreux loisirs, golf, parapente, tennis, accrobranche, via souterrata, randonn\u00e9e, \u00e9quitation, r\u00e9serve des Monts d&rsquo;Azur&#8230; sont propos\u00e9es \u00e0 proximit\u00e9. https:\/\/giteduprinas.com\/wp-content\/uploads\/2024\/07\/videoaccueil.mp4 GREOLIERES LES NEIGES D\u00e9couvrez toutes les activit\u00e9s de la r\u00e9gion -&gt;<\/p>\n","protected":false},"author":1,"featured_media":0,"parent":0,"menu_order":0,"comment_status":"closed","ping_status":"closed","template":"","meta":{"footnotes":""},"class_list":["post-1723","page","type-page","status-publish","hentry"],"_links":{"self":[{"href":"https:\/\/giteduprinas.com\/index.php\/wp-json\/wp\/v2\/pages\/1723","targetHints":{"allow":["GET"]}}],"collection":[{"href":"https:\/\/giteduprinas.com\/index.php\/wp-json\/wp\/v2\/pages"}],"about":[{"href":"https:\/\/giteduprinas.com\/index.php\/wp-json\/wp\/v2\/types\/page"}],"author":[{"embeddable":true,"href":"https:\/\/giteduprinas.com\/index.php\/wp-json\/wp\/v2\/users\/1"}],"replies":[{"embeddable":true,"href":"https:\/\/giteduprinas.com\/index.php\/wp-json\/wp\/v2\/comments?post=1723"}],"version-history":[{"count":170,"href":"https:\/\/giteduprinas.com\/index.php\/wp-json\/wp\/v2\/pages\/1723\/revisions"}],"predecessor-version":[{"id":3018,"href":"https:\/\/giteduprinas.com\/index.php\/wp-json\/wp\/v2\/pages\/1723\/revisions\/3018"}],"wp:attachment":[{"href":"https:\/\/giteduprinas.com\/index.php\/wp-json\/wp\/v2\/media?parent=1723"}],"curies":[{"name":"wp","href":"https:\/\/api.w.org\/{rel}","templated":true}]}}